{"id":345,"date":"2020-07-28T13:49:54","date_gmt":"2020-07-28T16:49:54","guid":{"rendered":"https:\/\/qrsanluis.com.ar\/?page_id=345"},"modified":"2020-08-11T05:38:37","modified_gmt":"2020-08-11T08:38:37","slug":"ruta-de-los-caracoles","status":"publish","type":"page","link":"https:\/\/qrsanluis.com.ar\/index.php\/ruta-de-los-caracoles\/","title":{"rendered":"Ruta de los Caracoles"},"content":{"rendered":"\t\t<div data-elementor-type=\"wp-page\" data-elementor-id=\"345\" class=\"elementor elementor-345\" data-elementor-settings=\"[]\">\n\t\t\t<div class=\"elementor-inner\">\n\t\t\t\t<div class=\"elementor-section-wrap\">\n\t\t\t\t\t\t\t<section class=\"elementor-element elementor-element-1ff430dd elementor-section-content-middle elementor-section-boxed elementor-section-height-default elementor-section-height-default elementor-section elementor-top-section\" data-id=\"1ff430dd\" data-element_type=\"section\" data-settings=\"{&quot;background_background&quot;:&quot;classic&quot;}\">\n\t\t\t\t\t\t<div class=\"elementor-container elementor-column-gap-no\">\n\t\t\t\t<div class=\"elementor-row\">\n\t\t\t\t<div class=\"elementor-element elementor-element-425708e2 elementor-column elementor-col-100 elementor-top-column\" data-id=\"425708e2\" data-element_type=\"column\">\n\t\t\t<div class=\"elementor-column-wrap  elementor-element-populated\">\n\t\t\t\t\t<div class=\"elementor-widget-wrap\">\n\t\t\t\t<section class=\"elementor-element elementor-element-7d749c15 elementor-section-content-middle elementor-section-boxed elementor-section-height-default elementor-section-height-default elementor-section elementor-inner-section\" data-id=\"7d749c15\" data-element_type=\"section\">\n\t\t\t\t\t\t<div class=\"elementor-container elementor-column-gap-no\">\n\t\t\t\t<div class=\"elementor-row\">\n\t\t\t\t<div class=\"elementor-element elementor-element-449d161 elementor-column elementor-col-100 elementor-inner-column\" data-id=\"449d161\" data-element_type=\"column\">\n\t\t\t<div class=\"elementor-column-wrap\">\n\t\t\t\t\t<div class=\"elementor-widget-wrap\">\n\t\t\t\t\t\t<\/div>\n\t\t\t<\/div>\n\t\t<\/div>\n\t\t\t\t\t\t<\/div>\n\t\t\t<\/div>\n\t\t<\/section>\n\t\t\t\t\t\t<\/div>\n\t\t\t<\/div>\n\t\t<\/div>\n\t\t\t\t\t\t<\/div>\n\t\t\t<\/div>\n\t\t<\/section>\n\t\t\t\t<section class=\"elementor-element elementor-element-37e88f8 elementor-section-boxed elementor-section-height-default elementor-section-height-default elementor-section elementor-top-section\" data-id=\"37e88f8\" data-element_type=\"section\" data-settings=\"{&quot;background_background&quot;:&quot;classic&quot;}\">\n\t\t\t\t\t\t<div class=\"elementor-container elementor-column-gap-default\">\n\t\t\t\t<div class=\"elementor-row\">\n\t\t\t\t<div class=\"elementor-element elementor-element-babb7cb elementor-column elementor-col-100 elementor-top-column\" data-id=\"babb7cb\" data-element_type=\"column\" data-settings=\"{&quot;background_background&quot;:&quot;classic&quot;}\">\n\t\t\t<div class=\"elementor-column-wrap  elementor-element-populated\">\n\t\t\t\t\t<div class=\"elementor-widget-wrap\">\n\t\t\t\t<div class=\"elementor-element elementor-element-fd17aee elementor-nav-menu__align-center elementor-nav-menu--indicator-classic elementor-nav-menu--dropdown-tablet elementor-nav-menu__text-align-aside elementor-nav-menu--toggle elementor-nav-menu--burger elementor-widget elementor-widget-nav-menu\" data-id=\"fd17aee\" data-element_type=\"widget\" data-settings=\"{&quot;layout&quot;:&quot;horizontal&quot;,&quot;toggle&quot;:&quot;burger&quot;}\" data-widget_type=\"nav-menu.default\">\n\t\t\t\t<div class=\"elementor-widget-container\">\n\t\t\t\t\t\t<nav role=\"navigation\" class=\"elementor-nav-menu--main elementor-nav-menu__container elementor-nav-menu--layout-horizontal e--pointer-underline e--animation-grow\"><ul id=\"menu-1-fd17aee\" class=\"elementor-nav-menu\"><li class=\"menu-item menu-item-type-post_type menu-item-object-post menu-item-has-children menu-item-430\"><a href=\"https:\/\/qrsanluis.com.ar\/index.php\/2020\/08\/01\/donde-estoy\/\" class=\"menu-link elementor-item\">Donde Voy?<\/a>\n<ul class=\"sub-menu elementor-nav-menu--dropdown\">\n\t<li class=\"menu-item menu-item-type-post_type menu-item-object-post menu-item-437\"><a href=\"https:\/\/qrsanluis.com.ar\/index.php\/2020\/08\/01\/nogoli\/\" class=\"menu-link elementor-sub-item\">Nogol\u00ed<\/a><\/li>\n\t<li class=\"menu-item menu-item-type-post_type menu-item-object-post menu-item-432\"><a href=\"https:\/\/qrsanluis.com.ar\/index.php\/2020\/08\/01\/el-trapiche\/\" class=\"menu-link elementor-sub-item\">El Trapiche<\/a><\/li>\n\t<li class=\"menu-item menu-item-type-post_type menu-item-object-post menu-item-670\"><a href=\"https:\/\/qrsanluis.com.ar\/index.php\/2020\/09\/28\/los-molles\/\" class=\"menu-link elementor-sub-item\">Los Molles<\/a><\/li>\n\t<li class=\"menu-item menu-item-type-post_type menu-item-object-post menu-item-433\"><a href=\"https:\/\/qrsanluis.com.ar\/index.php\/2020\/08\/01\/san-francisco-del-monte-de-oro\/\" class=\"menu-link elementor-sub-item\">San Francisco del Monte de Oro<\/a><\/li>\n\t<li class=\"menu-item menu-item-type-post_type menu-item-object-post menu-item-431\"><a href=\"https:\/\/qrsanluis.com.ar\/index.php\/2020\/08\/01\/el-volcan\/\" class=\"menu-link elementor-sub-item\">El Volc\u00e1n<\/a><\/li>\n\t<li class=\"menu-item menu-item-type-post_type menu-item-object-post menu-item-434\"><a href=\"https:\/\/qrsanluis.com.ar\/index.php\/2020\/08\/01\/villa-de-la-quebrada\/\" class=\"menu-link elementor-sub-item\">Villa de la Quebrada<\/a><\/li>\n\t<li class=\"menu-item menu-item-type-post_type menu-item-object-post menu-item-435\"><a href=\"https:\/\/qrsanluis.com.ar\/index.php\/2020\/08\/01\/ciudad-de-la-punta\/\" class=\"menu-link elementor-sub-item\">Ciudad de la Punta<\/a><\/li>\n\t<li class=\"menu-item menu-item-type-post_type menu-item-object-post menu-item-436\"><a href=\"https:\/\/qrsanluis.com.ar\/index.php\/2020\/08\/01\/potrero-de-los-funes\/\" class=\"menu-link elementor-sub-item\">Potrero de los Funes<\/a><\/li>\n<\/ul>\n<\/li>\n<\/ul><\/nav>\n\t\t\t\t\t<div class=\"elementor-menu-toggle\" role=\"button\" tabindex=\"0\" aria-label=\"Menu Toggle\" aria-expanded=\"false\">\n\t\t\t<i class=\"eicon-menu-bar\" aria-hidden=\"true\"><\/i>\n\t\t\t<span class=\"elementor-screen-only\">Menu<\/span>\n\t\t<\/div>\n\t\t\t<nav class=\"elementor-nav-menu--dropdown elementor-nav-menu__container\" role=\"navigation\" aria-hidden=\"true\"><ul id=\"menu-2-fd17aee\" class=\"elementor-nav-menu\"><li class=\"menu-item menu-item-type-post_type menu-item-object-post menu-item-has-children menu-item-430\"><a href=\"https:\/\/qrsanluis.com.ar\/index.php\/2020\/08\/01\/donde-estoy\/\" class=\"menu-link elementor-item\">Donde Voy?<\/a>\n<ul class=\"sub-menu elementor-nav-menu--dropdown\">\n\t<li class=\"menu-item menu-item-type-post_type menu-item-object-post menu-item-437\"><a href=\"https:\/\/qrsanluis.com.ar\/index.php\/2020\/08\/01\/nogoli\/\" class=\"menu-link elementor-sub-item\">Nogol\u00ed<\/a><\/li>\n\t<li class=\"menu-item menu-item-type-post_type menu-item-object-post menu-item-432\"><a href=\"https:\/\/qrsanluis.com.ar\/index.php\/2020\/08\/01\/el-trapiche\/\" class=\"menu-link elementor-sub-item\">El Trapiche<\/a><\/li>\n\t<li class=\"menu-item menu-item-type-post_type menu-item-object-post menu-item-670\"><a href=\"https:\/\/qrsanluis.com.ar\/index.php\/2020\/09\/28\/los-molles\/\" class=\"menu-link elementor-sub-item\">Los Molles<\/a><\/li>\n\t<li class=\"menu-item menu-item-type-post_type menu-item-object-post menu-item-433\"><a href=\"https:\/\/qrsanluis.com.ar\/index.php\/2020\/08\/01\/san-francisco-del-monte-de-oro\/\" class=\"menu-link elementor-sub-item\">San Francisco del Monte de Oro<\/a><\/li>\n\t<li class=\"menu-item menu-item-type-post_type menu-item-object-post menu-item-431\"><a href=\"https:\/\/qrsanluis.com.ar\/index.php\/2020\/08\/01\/el-volcan\/\" class=\"menu-link elementor-sub-item\">El Volc\u00e1n<\/a><\/li>\n\t<li class=\"menu-item menu-item-type-post_type menu-item-object-post menu-item-434\"><a href=\"https:\/\/qrsanluis.com.ar\/index.php\/2020\/08\/01\/villa-de-la-quebrada\/\" class=\"menu-link elementor-sub-item\">Villa de la Quebrada<\/a><\/li>\n\t<li class=\"menu-item menu-item-type-post_type menu-item-object-post menu-item-435\"><a href=\"https:\/\/qrsanluis.com.ar\/index.php\/2020\/08\/01\/ciudad-de-la-punta\/\" class=\"menu-link elementor-sub-item\">Ciudad de la Punta<\/a><\/li>\n\t<li class=\"menu-item menu-item-type-post_type menu-item-object-post menu-item-436\"><a href=\"https:\/\/qrsanluis.com.ar\/index.php\/2020\/08\/01\/potrero-de-los-funes\/\" class=\"menu-link elementor-sub-item\">Potrero de los Funes<\/a><\/li>\n<\/ul>\n<\/li>\n<\/ul><\/nav>\n\t\t\t\t<\/div>\n\t\t\t\t<\/div>\n\t\t\t\t\t\t<\/div>\n\t\t\t<\/div>\n\t\t<\/div>\n\t\t\t\t\t\t<\/div>\n\t\t\t<\/div>\n\t\t<\/section>\n\t\t\t\t<section class=\"elementor-element elementor-element-26c6c52 elementor-section-boxed elementor-section-height-default elementor-section-height-default elementor-section elementor-top-section\" data-id=\"26c6c52\" data-element_type=\"section\">\n\t\t\t\t\t\t<div class=\"elementor-container elementor-column-gap-default\">\n\t\t\t\t<div class=\"elementor-row\">\n\t\t\t\t<div class=\"elementor-element elementor-element-61d3f3d elementor-column elementor-col-50 elementor-top-column\" data-id=\"61d3f3d\" data-element_type=\"column\">\n\t\t\t<div class=\"elementor-column-wrap  elementor-element-populated\">\n\t\t\t\t\t<div class=\"elementor-widget-wrap\">\n\t\t\t\t<div class=\"elementor-element elementor-element-c94ced1 elementor-widget elementor-widget-image\" data-id=\"c94ced1\" data-element_type=\"widget\" data-widget_type=\"image.default\">\n\t\t\t\t<div class=\"elementor-widget-container\">\n\t\t\t\t\t<div class=\"elementor-image\">\n\t\t\t\t\t\t\t\t\t\t<img loading=\"lazy\" decoding=\"async\" width=\"892\" height=\"1024\" src=\"https:\/\/qrsanluis.com.ar\/wp-content\/uploads\/2020\/07\/QR-Mapa-Los-Caracoles-892x1024.jpg\" class=\"attachment-large size-large\" alt=\"\" srcset=\"https:\/\/qrsanluis.com.ar\/wp-content\/uploads\/2020\/07\/QR-Mapa-Los-Caracoles-892x1024.jpg 892w, https:\/\/qrsanluis.com.ar\/wp-content\/uploads\/2020\/07\/QR-Mapa-Los-Caracoles-261x300.jpg 261w, https:\/\/qrsanluis.com.ar\/wp-content\/uploads\/2020\/07\/QR-Mapa-Los-Caracoles-768x881.jpg 768w, https:\/\/qrsanluis.com.ar\/wp-content\/uploads\/2020\/07\/QR-Mapa-Los-Caracoles-1339x1536.jpg 1339w, https:\/\/qrsanluis.com.ar\/wp-content\/uploads\/2020\/07\/QR-Mapa-Los-Caracoles-1785x2048.jpg 1785w, https:\/\/qrsanluis.com.ar\/wp-content\/uploads\/2020\/07\/QR-Mapa-Los-Caracoles.jpg 1892w\" sizes=\"(max-width: 892px) 100vw, 892px\" \/>\t\t\t\t\t\t\t\t\t\t\t<\/div>\n\t\t\t\t<\/div>\n\t\t\t\t<\/div>\n\t\t\t\t\t\t<\/div>\n\t\t\t<\/div>\n\t\t<\/div>\n\t\t\t\t<div class=\"elementor-element elementor-element-d69e4af elementor-column elementor-col-50 elementor-top-column\" data-id=\"d69e4af\" data-element_type=\"column\">\n\t\t\t<div class=\"elementor-column-wrap  elementor-element-populated\">\n\t\t\t\t\t<div class=\"elementor-widget-wrap\">\n\t\t\t\t<div class=\"elementor-element elementor-element-3ea1964 elementor-widget elementor-widget-heading\" data-id=\"3ea1964\" data-element_type=\"widget\" data-widget_type=\"heading.default\">\n\t\t\t\t<div class=\"elementor-widget-container\">\n\t\t\t<h2 class=\"elementor-heading-title elementor-size-default\">Ruta de los Caracoles<span style=\"font-size: 2rem; font-weight: 600;\"><\/span><br><\/h2>\t\t<\/div>\n\t\t\t\t<\/div>\n\t\t\t\t<div class=\"elementor-element elementor-element-16d54ff elementor-widget elementor-widget-heading\" data-id=\"16d54ff\" data-element_type=\"widget\" data-widget_type=\"heading.default\">\n\t\t\t\t<div class=\"elementor-widget-container\">\n\t\t\t<h2 class=\"elementor-heading-title elementor-size-default\">Recorrido donde se incluyen las localidades de Dique La Florida, R\u00edo Grande, Nogol\u00ed, Ciudad\nde la Punta, Potrero de los Funes, Cruz de Piedra, El Volc\u00e1n, Ciudad de San Luis.<\/h2>\t\t<\/div>\n\t\t\t\t<\/div>\n\t\t\t\t<div class=\"elementor-element elementor-element-9d295d6 elementor-widget elementor-widget-image\" data-id=\"9d295d6\" data-element_type=\"widget\" data-widget_type=\"image.default\">\n\t\t\t\t<div class=\"elementor-widget-container\">\n\t\t\t\t\t<div class=\"elementor-image\">\n\t\t\t\t\t\t\t\t\t\t<img loading=\"lazy\" decoding=\"async\" width=\"1024\" height=\"577\" src=\"https:\/\/qrsanluis.com.ar\/wp-content\/uploads\/2020\/07\/QR-Foto-Juana-Koslay-1024x577.jpg\" class=\"attachment-large size-large\" alt=\"\" srcset=\"https:\/\/qrsanluis.com.ar\/wp-content\/uploads\/2020\/07\/QR-Foto-Juana-Koslay-1024x577.jpg 1024w, https:\/\/qrsanluis.com.ar\/wp-content\/uploads\/2020\/07\/QR-Foto-Juana-Koslay-300x169.jpg 300w, https:\/\/qrsanluis.com.ar\/wp-content\/uploads\/2020\/07\/QR-Foto-Juana-Koslay-768x432.jpg 768w, https:\/\/qrsanluis.com.ar\/wp-content\/uploads\/2020\/07\/QR-Foto-Juana-Koslay.jpg 1094w\" sizes=\"(max-width: 1024px) 100vw, 1024px\" \/>\t\t\t\t\t\t\t\t\t\t\t<\/div>\n\t\t\t\t<\/div>\n\t\t\t\t<\/div>\n\t\t\t\t\t\t<\/div>\n\t\t\t<\/div>\n\t\t<\/div>\n\t\t\t\t\t\t<\/div>\n\t\t\t<\/div>\n\t\t<\/section>\n\t\t\t\t\t\t<\/div>\n\t\t\t<\/div>\n\t\t<\/div>\n\t\t","protected":false},"excerpt":{"rendered":"<p>Ruta de los Caracoles Recorrido donde se incluyen las localidades de Dique La Florida, R\u00edo Grande, Nogol\u00ed, Ciudad de la Punta, Potrero de los Funes, Cruz de Piedra, El Volc\u00e1n, Ciudad de San Luis.<\/p>\n","protected":false},"author":1,"featured_media":0,"parent":0,"menu_order":0,"comment_status":"closed","ping_status":"closed","template":"","meta":{"footnotes":""},"_links":{"self":[{"href":"https:\/\/qrsanluis.com.ar\/index.php\/wp-json\/wp\/v2\/pages\/345"}],"collection":[{"href":"https:\/\/qrsanluis.com.ar\/index.php\/wp-json\/wp\/v2\/pages"}],"about":[{"href":"https:\/\/qrsanluis.com.ar\/index.php\/wp-json\/wp\/v2\/types\/page"}],"author":[{"embeddable":true,"href":"https:\/\/qrsanluis.com.ar\/index.php\/wp-json\/wp\/v2\/users\/1"}],"replies":[{"embeddable":true,"href":"https:\/\/qrsanluis.com.ar\/index.php\/wp-json\/wp\/v2\/comments?post=345"}],"version-history":[{"count":8,"href":"https:\/\/qrsanluis.com.ar\/index.php\/wp-json\/wp\/v2\/pages\/345\/revisions"}],"predecessor-version":[{"id":553,"href":"https:\/\/qrsanluis.com.ar\/index.php\/wp-json\/wp\/v2\/pages\/345\/revisions\/553"}],"wp:attachment":[{"href":"https:\/\/qrsanluis.com.ar\/index.php\/wp-json\/wp\/v2\/media?parent=345"}],"curies":[{"name":"wp","href":"https:\/\/api.w.org\/{rel}","templated":true}]}}