{"id":181,"date":"2020-07-20T13:02:16","date_gmt":"2020-07-20T16:02:16","guid":{"rendered":"http:\/\/qrsanluis.com.ar\/?page_id=181"},"modified":"2020-08-11T05:46:31","modified_gmt":"2020-08-11T08:46:31","slug":"ruta-literaria","status":"publish","type":"page","link":"https:\/\/qrsanluis.com.ar\/index.php\/ruta-literaria\/","title":{"rendered":"Ruta Literaria"},"content":{"rendered":"\t\t<div data-elementor-type=\"wp-page\" data-elementor-id=\"181\" class=\"elementor elementor-181\" data-elementor-settings=\"[]\">\n\t\t\t<div class=\"elementor-inner\">\n\t\t\t\t<div class=\"elementor-section-wrap\">\n\t\t\t\t\t\t\t<section class=\"elementor-element elementor-element-262a44d2 elementor-section-content-middle elementor-section-boxed elementor-section-height-default elementor-section-height-default elementor-section elementor-top-section\" data-id=\"262a44d2\" data-element_type=\"section\" data-settings=\"{&quot;background_background&quot;:&quot;classic&quot;}\">\n\t\t\t\t\t\t<div class=\"elementor-container elementor-column-gap-no\">\n\t\t\t\t<div class=\"elementor-row\">\n\t\t\t\t<div class=\"elementor-element elementor-element-42a97dff elementor-column elementor-col-100 elementor-top-column\" data-id=\"42a97dff\" data-element_type=\"column\">\n\t\t\t<div class=\"elementor-column-wrap  elementor-element-populated\">\n\t\t\t\t\t<div class=\"elementor-widget-wrap\">\n\t\t\t\t<section class=\"elementor-element elementor-element-131ddb43 elementor-section-content-middle elementor-section-boxed elementor-section-height-default elementor-section-height-default elementor-section elementor-inner-section\" data-id=\"131ddb43\" data-element_type=\"section\">\n\t\t\t\t\t\t<div class=\"elementor-container elementor-column-gap-no\">\n\t\t\t\t<div class=\"elementor-row\">\n\t\t\t\t<div class=\"elementor-element elementor-element-440f0216 elementor-column elementor-col-100 elementor-inner-column\" data-id=\"440f0216\" data-element_type=\"column\">\n\t\t\t<div class=\"elementor-column-wrap\">\n\t\t\t\t\t<div class=\"elementor-widget-wrap\">\n\t\t\t\t\t\t<\/div>\n\t\t\t<\/div>\n\t\t<\/div>\n\t\t\t\t\t\t<\/div>\n\t\t\t<\/div>\n\t\t<\/section>\n\t\t\t\t\t\t<\/div>\n\t\t\t<\/div>\n\t\t<\/div>\n\t\t\t\t\t\t<\/div>\n\t\t\t<\/div>\n\t\t<\/section>\n\t\t\t\t<section class=\"elementor-element elementor-element-b0c4a3e elementor-section-boxed elementor-section-height-default elementor-section-height-default elementor-section elementor-top-section\" data-id=\"b0c4a3e\" data-element_type=\"section\" data-settings=\"{&quot;background_background&quot;:&quot;classic&quot;}\">\n\t\t\t\t\t\t<div class=\"elementor-container elementor-column-gap-default\">\n\t\t\t\t<div class=\"elementor-row\">\n\t\t\t\t<div class=\"elementor-element elementor-element-7f20479 elementor-column elementor-col-100 elementor-top-column\" data-id=\"7f20479\" data-element_type=\"column\" data-settings=\"{&quot;background_background&quot;:&quot;classic&quot;}\">\n\t\t\t<div class=\"elementor-column-wrap  elementor-element-populated\">\n\t\t\t\t\t<div class=\"elementor-widget-wrap\">\n\t\t\t\t<div class=\"elementor-element elementor-element-caef040 elementor-nav-menu__align-center elementor-nav-menu--indicator-classic elementor-nav-menu--dropdown-tablet elementor-nav-menu__text-align-aside elementor-nav-menu--toggle elementor-nav-menu--burger elementor-widget elementor-widget-nav-menu\" data-id=\"caef040\" data-element_type=\"widget\" data-settings=\"{&quot;layout&quot;:&quot;horizontal&quot;,&quot;toggle&quot;:&quot;burger&quot;}\" data-widget_type=\"nav-menu.default\">\n\t\t\t\t<div class=\"elementor-widget-container\">\n\t\t\t\t\t\t<nav role=\"navigation\" class=\"elementor-nav-menu--main elementor-nav-menu__container elementor-nav-menu--layout-horizontal e--pointer-underline e--animation-grow\"><ul id=\"menu-1-caef040\" class=\"elementor-nav-menu\"><li class=\"menu-item menu-item-type-post_type menu-item-object-post menu-item-has-children menu-item-430\"><a href=\"https:\/\/qrsanluis.com.ar\/index.php\/2020\/08\/01\/donde-estoy\/\" class=\"menu-link elementor-item\">Donde Voy?<\/a>\n<ul class=\"sub-menu elementor-nav-menu--dropdown\">\n\t<li class=\"menu-item menu-item-type-post_type menu-item-object-post menu-item-437\"><a href=\"https:\/\/qrsanluis.com.ar\/index.php\/2020\/08\/01\/nogoli\/\" class=\"menu-link elementor-sub-item\">Nogol\u00ed<\/a><\/li>\n\t<li class=\"menu-item menu-item-type-post_type menu-item-object-post menu-item-432\"><a href=\"https:\/\/qrsanluis.com.ar\/index.php\/2020\/08\/01\/el-trapiche\/\" class=\"menu-link elementor-sub-item\">El Trapiche<\/a><\/li>\n\t<li class=\"menu-item menu-item-type-post_type menu-item-object-post menu-item-670\"><a href=\"https:\/\/qrsanluis.com.ar\/index.php\/2020\/09\/28\/los-molles\/\" class=\"menu-link elementor-sub-item\">Los Molles<\/a><\/li>\n\t<li class=\"menu-item menu-item-type-post_type menu-item-object-post menu-item-433\"><a href=\"https:\/\/qrsanluis.com.ar\/index.php\/2020\/08\/01\/san-francisco-del-monte-de-oro\/\" class=\"menu-link elementor-sub-item\">San Francisco del Monte de Oro<\/a><\/li>\n\t<li class=\"menu-item menu-item-type-post_type menu-item-object-post menu-item-431\"><a href=\"https:\/\/qrsanluis.com.ar\/index.php\/2020\/08\/01\/el-volcan\/\" class=\"menu-link elementor-sub-item\">El Volc\u00e1n<\/a><\/li>\n\t<li class=\"menu-item menu-item-type-post_type menu-item-object-post menu-item-434\"><a href=\"https:\/\/qrsanluis.com.ar\/index.php\/2020\/08\/01\/villa-de-la-quebrada\/\" class=\"menu-link elementor-sub-item\">Villa de la Quebrada<\/a><\/li>\n\t<li class=\"menu-item menu-item-type-post_type menu-item-object-post menu-item-435\"><a href=\"https:\/\/qrsanluis.com.ar\/index.php\/2020\/08\/01\/ciudad-de-la-punta\/\" class=\"menu-link elementor-sub-item\">Ciudad de la Punta<\/a><\/li>\n\t<li class=\"menu-item menu-item-type-post_type menu-item-object-post menu-item-436\"><a href=\"https:\/\/qrsanluis.com.ar\/index.php\/2020\/08\/01\/potrero-de-los-funes\/\" class=\"menu-link elementor-sub-item\">Potrero de los Funes<\/a><\/li>\n<\/ul>\n<\/li>\n<\/ul><\/nav>\n\t\t\t\t\t<div class=\"elementor-menu-toggle\" role=\"button\" tabindex=\"0\" aria-label=\"Menu Toggle\" aria-expanded=\"false\">\n\t\t\t<i class=\"eicon-menu-bar\" aria-hidden=\"true\"><\/i>\n\t\t\t<span class=\"elementor-screen-only\">Menu<\/span>\n\t\t<\/div>\n\t\t\t<nav class=\"elementor-nav-menu--dropdown elementor-nav-menu__container\" role=\"navigation\" aria-hidden=\"true\"><ul id=\"menu-2-caef040\" class=\"elementor-nav-menu\"><li class=\"menu-item menu-item-type-post_type menu-item-object-post menu-item-has-children menu-item-430\"><a href=\"https:\/\/qrsanluis.com.ar\/index.php\/2020\/08\/01\/donde-estoy\/\" class=\"menu-link elementor-item\">Donde Voy?<\/a>\n<ul class=\"sub-menu elementor-nav-menu--dropdown\">\n\t<li class=\"menu-item menu-item-type-post_type menu-item-object-post menu-item-437\"><a href=\"https:\/\/qrsanluis.com.ar\/index.php\/2020\/08\/01\/nogoli\/\" class=\"menu-link elementor-sub-item\">Nogol\u00ed<\/a><\/li>\n\t<li class=\"menu-item menu-item-type-post_type menu-item-object-post menu-item-432\"><a href=\"https:\/\/qrsanluis.com.ar\/index.php\/2020\/08\/01\/el-trapiche\/\" class=\"menu-link elementor-sub-item\">El Trapiche<\/a><\/li>\n\t<li class=\"menu-item menu-item-type-post_type menu-item-object-post menu-item-670\"><a href=\"https:\/\/qrsanluis.com.ar\/index.php\/2020\/09\/28\/los-molles\/\" class=\"menu-link elementor-sub-item\">Los Molles<\/a><\/li>\n\t<li class=\"menu-item menu-item-type-post_type menu-item-object-post menu-item-433\"><a href=\"https:\/\/qrsanluis.com.ar\/index.php\/2020\/08\/01\/san-francisco-del-monte-de-oro\/\" class=\"menu-link elementor-sub-item\">San Francisco del Monte de Oro<\/a><\/li>\n\t<li class=\"menu-item menu-item-type-post_type menu-item-object-post menu-item-431\"><a href=\"https:\/\/qrsanluis.com.ar\/index.php\/2020\/08\/01\/el-volcan\/\" class=\"menu-link elementor-sub-item\">El Volc\u00e1n<\/a><\/li>\n\t<li class=\"menu-item menu-item-type-post_type menu-item-object-post menu-item-434\"><a href=\"https:\/\/qrsanluis.com.ar\/index.php\/2020\/08\/01\/villa-de-la-quebrada\/\" class=\"menu-link elementor-sub-item\">Villa de la Quebrada<\/a><\/li>\n\t<li class=\"menu-item menu-item-type-post_type menu-item-object-post menu-item-435\"><a href=\"https:\/\/qrsanluis.com.ar\/index.php\/2020\/08\/01\/ciudad-de-la-punta\/\" class=\"menu-link elementor-sub-item\">Ciudad de la Punta<\/a><\/li>\n\t<li class=\"menu-item menu-item-type-post_type menu-item-object-post menu-item-436\"><a href=\"https:\/\/qrsanluis.com.ar\/index.php\/2020\/08\/01\/potrero-de-los-funes\/\" class=\"menu-link elementor-sub-item\">Potrero de los Funes<\/a><\/li>\n<\/ul>\n<\/li>\n<\/ul><\/nav>\n\t\t\t\t<\/div>\n\t\t\t\t<\/div>\n\t\t\t\t\t\t<\/div>\n\t\t\t<\/div>\n\t\t<\/div>\n\t\t\t\t\t\t<\/div>\n\t\t\t<\/div>\n\t\t<\/section>\n\t\t\t\t<section class=\"elementor-element elementor-element-31ab887 elementor-section-boxed elementor-section-height-default elementor-section-height-default elementor-section elementor-top-section\" data-id=\"31ab887\" data-element_type=\"section\">\n\t\t\t\t\t\t<div class=\"elementor-container elementor-column-gap-default\">\n\t\t\t\t<div class=\"elementor-row\">\n\t\t\t\t<div class=\"elementor-element elementor-element-c731367 elementor-column elementor-col-50 elementor-top-column\" data-id=\"c731367\" data-element_type=\"column\">\n\t\t\t<div class=\"elementor-column-wrap  elementor-element-populated\">\n\t\t\t\t\t<div class=\"elementor-widget-wrap\">\n\t\t\t\t<div class=\"elementor-element elementor-element-5d485b5 elementor-widget elementor-widget-image\" data-id=\"5d485b5\" data-element_type=\"widget\" data-widget_type=\"image.default\">\n\t\t\t\t<div class=\"elementor-widget-container\">\n\t\t\t\t\t<div class=\"elementor-image\">\n\t\t\t\t\t\t\t\t\t\t<img loading=\"lazy\" decoding=\"async\" width=\"892\" height=\"1024\" src=\"https:\/\/qrsanluis.com.ar\/wp-content\/uploads\/2020\/07\/QR-Mapa-Ruta-Literaria-892x1024.jpg\" class=\"attachment-large size-large\" alt=\"\" srcset=\"https:\/\/qrsanluis.com.ar\/wp-content\/uploads\/2020\/07\/QR-Mapa-Ruta-Literaria-892x1024.jpg 892w, https:\/\/qrsanluis.com.ar\/wp-content\/uploads\/2020\/07\/QR-Mapa-Ruta-Literaria-261x300.jpg 261w, https:\/\/qrsanluis.com.ar\/wp-content\/uploads\/2020\/07\/QR-Mapa-Ruta-Literaria-768x881.jpg 768w, https:\/\/qrsanluis.com.ar\/wp-content\/uploads\/2020\/07\/QR-Mapa-Ruta-Literaria-1339x1536.jpg 1339w, https:\/\/qrsanluis.com.ar\/wp-content\/uploads\/2020\/07\/QR-Mapa-Ruta-Literaria-1785x2048.jpg 1785w, https:\/\/qrsanluis.com.ar\/wp-content\/uploads\/2020\/07\/QR-Mapa-Ruta-Literaria.jpg 1892w\" sizes=\"(max-width: 892px) 100vw, 892px\" \/>\t\t\t\t\t\t\t\t\t\t\t<\/div>\n\t\t\t\t<\/div>\n\t\t\t\t<\/div>\n\t\t\t\t\t\t<\/div>\n\t\t\t<\/div>\n\t\t<\/div>\n\t\t\t\t<div class=\"elementor-element elementor-element-cea318a elementor-column elementor-col-50 elementor-top-column\" data-id=\"cea318a\" data-element_type=\"column\">\n\t\t\t<div class=\"elementor-column-wrap  elementor-element-populated\">\n\t\t\t\t\t<div class=\"elementor-widget-wrap\">\n\t\t\t\t<div class=\"elementor-element elementor-element-45cac1a elementor-widget elementor-widget-heading\" data-id=\"45cac1a\" data-element_type=\"widget\" data-widget_type=\"heading.default\">\n\t\t\t\t<div class=\"elementor-widget-container\">\n\t\t\t<h2 class=\"elementor-heading-title elementor-size-default\">Ruta Literaria<\/h2>\t\t<\/div>\n\t\t\t\t<\/div>\n\t\t\t\t<div class=\"elementor-element elementor-element-55521fb elementor-widget elementor-widget-heading\" data-id=\"55521fb\" data-element_type=\"widget\" data-widget_type=\"heading.default\">\n\t\t\t\t<div class=\"elementor-widget-container\">\n\t\t\t<h2 class=\"elementor-heading-title elementor-size-default\">Recorrido donde se incluyen las localidades de Ciudad de San Luis, Nogol\u00ed, Valle de Pancanta y La Carolina, donde dejaron impresos mensajes de indudable proyecci\u00f3n precursores tales como Juan C. Lafinur, Juan Llerena, Germ\u00e1n A. Lallemant, Felipe Velazquez y Juan W. Gez<\/h2>\t\t<\/div>\n\t\t\t\t<\/div>\n\t\t\t\t<div class=\"elementor-element elementor-element-37c7f0d elementor-aspect-ratio-169 elementor-widget elementor-widget-video\" data-id=\"37c7f0d\" data-element_type=\"widget\" data-settings=\"{&quot;aspect_ratio&quot;:&quot;169&quot;}\" data-widget_type=\"video.default\">\n\t\t\t\t<div class=\"elementor-widget-container\">\n\t\t\t\t\t<div class=\"elementor-wrapper elementor-fit-aspect-ratio elementor-open-inline\">\n\t\t\t<iframe class=\"elementor-video-iframe\" allowfullscreen title=\"Reproductor de v\u00eddeo youtube\" src=\"https:\/\/www.youtube.com\/embed\/IpRDkdEZpM0?feature=oembed&amp;start&amp;end&amp;wmode=opaque&amp;loop=0&amp;controls=1&amp;mute=0&amp;rel=0&amp;modestbranding=0\"><\/iframe>\t\t<\/div>\n\t\t\t\t<\/div>\n\t\t\t\t<\/div>\n\t\t\t\t\t\t<\/div>\n\t\t\t<\/div>\n\t\t<\/div>\n\t\t\t\t\t\t<\/div>\n\t\t\t<\/div>\n\t\t<\/section>\n\t\t\t\t<section class=\"elementor-element elementor-element-fb90a7f elementor-section-boxed elementor-section-height-default elementor-section-height-default elementor-section elementor-top-section\" data-id=\"fb90a7f\" data-element_type=\"section\">\n\t\t\t\t\t\t<div class=\"elementor-container elementor-column-gap-default\">\n\t\t\t\t<div class=\"elementor-row\">\n\t\t\t\t<div class=\"elementor-element elementor-element-c2f2770 elementor-column elementor-col-100 elementor-top-column\" data-id=\"c2f2770\" data-element_type=\"column\">\n\t\t\t<div class=\"elementor-column-wrap\">\n\t\t\t\t\t<div class=\"elementor-widget-wrap\">\n\t\t\t\t\t\t<\/div>\n\t\t\t<\/div>\n\t\t<\/div>\n\t\t\t\t\t\t<\/div>\n\t\t\t<\/div>\n\t\t<\/section>\n\t\t\t\t\t\t<\/div>\n\t\t\t<\/div>\n\t\t<\/div>\n\t\t","protected":false},"excerpt":{"rendered":"<p>Ruta Literaria Recorrido donde se incluyen las localidades de Ciudad de San Luis, Nogol\u00ed, Valle de Pancanta y La Carolina, donde dejaron impresos mensajes de indudable proyecci\u00f3n precursores tales como Juan C. Lafinur, Juan Llerena, Germ\u00e1n A. Lallemant, Felipe Velazquez y Juan W. Gez<\/p>\n","protected":false},"author":1,"featured_media":0,"parent":0,"menu_order":0,"comment_status":"closed","ping_status":"closed","template":"","meta":{"footnotes":""},"_links":{"self":[{"href":"https:\/\/qrsanluis.com.ar\/index.php\/wp-json\/wp\/v2\/pages\/181"}],"collection":[{"href":"https:\/\/qrsanluis.com.ar\/index.php\/wp-json\/wp\/v2\/pages"}],"about":[{"href":"https:\/\/qrsanluis.com.ar\/index.php\/wp-json\/wp\/v2\/types\/page"}],"author":[{"embeddable":true,"href":"https:\/\/qrsanluis.com.ar\/index.php\/wp-json\/wp\/v2\/users\/1"}],"replies":[{"embeddable":true,"href":"https:\/\/qrsanluis.com.ar\/index.php\/wp-json\/wp\/v2\/comments?post=181"}],"version-history":[{"count":11,"href":"https:\/\/qrsanluis.com.ar\/index.php\/wp-json\/wp\/v2\/pages\/181\/revisions"}],"predecessor-version":[{"id":555,"href":"https:\/\/qrsanluis.com.ar\/index.php\/wp-json\/wp\/v2\/pages\/181\/revisions\/555"}],"wp:attachment":[{"href":"https:\/\/qrsanluis.com.ar\/index.php\/wp-json\/wp\/v2\/media?parent=181"}],"curies":[{"name":"wp","href":"https:\/\/api.w.org\/{rel}","templated":true}]}}